{"id":508,"date":"2021-08-29T02:57:55","date_gmt":"2021-08-29T02:57:55","guid":{"rendered":"https:\/\/wpocean.com\/wp\/canun\/?page_id=62"},"modified":"2025-12-24T16:59:21","modified_gmt":"2025-12-24T15:59:21","slug":"home","status":"publish","type":"page","link":"https:\/\/www.cabinet-kabishi.fr\/","title":{"rendered":"Home"},"content":{"rendered":"\t\t<div data-elementor-type=\"wp-page\" data-elementor-id=\"508\" class=\"elementor elementor-508\">\n\t\t\t\t<div class=\"elementor-element elementor-element-ed6a6b0 e-flex e-con-boxed e-con e-parent\" data-id=\"ed6a6b0\" data-element_type=\"container\" data-e-type=\"container\">\n\t\t\t\t\t<div class=\"e-con-inner\">\n\t\t\t\t<div class=\"elementor-element elementor-element-8506be3 elementor-widget elementor-widget-spacer\" data-id=\"8506be3\" data-element_type=\"widget\" data-e-type=\"widget\" data-widget_type=\"spacer.default\">\n\t\t\t\t\t\t\t<div class=\"elementor-spacer\">\n\t\t\t<div class=\"elementor-spacer-inner\"><\/div>\n\t\t<\/div>\n\t\t\t\t\t\t<\/div>\n\t\t\t\t\t<\/div>\n\t\t\t\t<\/div>\n\t\t<div class=\"elementor-element elementor-element-a6412c2 e-flex e-con-boxed e-con e-parent\" data-id=\"a6412c2\" data-element_type=\"container\" data-e-type=\"container\" data-settings=\"{&quot;background_background&quot;:&quot;classic&quot;}\">\n\t\t\t\t\t<div class=\"e-con-inner\">\n\t\t\t\t<div class=\"elementor-element elementor-element-c3a0e73 elementor-widget elementor-widget-wpo-canun_about\" data-id=\"c3a0e73\" data-element_type=\"widget\" data-e-type=\"widget\" data-settings=\"{&quot;about_image&quot;:{&quot;url&quot;:&quot;https:\\\/\\\/www.cabinet-kabishi.fr\\\/wp-content\\\/uploads\\\/2025\\\/12\\\/pexels-ekaterina-bolovtsova-6077447-scaled.jpg&quot;,&quot;id&quot;:1064,&quot;size&quot;:&quot;&quot;,&quot;alt&quot;:&quot;&quot;,&quot;source&quot;:&quot;library&quot;},&quot;signeture_image&quot;:{&quot;url&quot;:&quot;https:\\\/\\\/www.cabinet-kabishi.fr\\\/wp-content\\\/plugins\\\/elementor\\\/assets\\\/images\\\/placeholder.png&quot;,&quot;id&quot;:&quot;&quot;,&quot;size&quot;:&quot;&quot;}}\" data-widget_type=\"wpo-canun_about.default\">\n\t\t\t\t<div class=\"elementor-widget-container\">\n\t\t\t\t\t\n\t\t\t\t\t<div class=\"wpo-about-section\">\n\t\t\t\t<div class=\"container\">\n\t\t\t\t\t<div class=\"wpo-about-section-wrapper\">\n\t\t\t\t\t\t<div class=\"row align-items-center\">\n\t\t\t\t\t\t\t<div class=\"col-lg-5 col-md-12 col-12\">\n\t\t\t\t\t\t\t\t<div class=\"wpo-about-img\">\n\t\t\t\t\t\t\t\t\t<img decoding=\"async\" class=\"img-responlsive\" src=\"https:\/\/www.cabinet-kabishi.fr\/wp-content\/uploads\/2025\/12\/pexels-ekaterina-bolovtsova-6077447-scaled.jpg\" alt=\"\">\t\t\t\t\t\t\t\t<\/div>\n\t\t\t\t\t\t\t<\/div>\n\t\t\t\t\t\t\t<div class=\"col-lg-7 col-md-12 col-12\">\n\t\t\t\t\t\t\t\t<div class=\"wpo-about-content\">\n\t\t\t\t\t\t\t\t\t<div class=\"wpo-section-title\">\n\t\t\t\t\t\t\t\t\t\t<h2>Mon exp\u00e9rience \u00e0 votre service<\/h2>\t\t\t\t\t\t\t\t\t<\/div>\n\t\t\t\t\t\t\t\t\t<div class=\"wpo-about-content-inner\">\n\t\t\t\t\t\t\t\t\t\t<p>Ma\u00eetre Linda KABISHI, avocate au Barreau de Paris, intervient principalement en droit de la famille, en droit locatif, en droit bancaire et en droit des \u00e9trangers.<br data-start=\"209\" data-end=\"212\" \/>Apr\u00e8s six ann\u00e9es d\u2019exercice en tant que collaboratrice lib\u00e9rale au sein de cabinets franciliens, elle exerce aujourd\u2019hui en tant qu\u2019entrepreneur individuel et accompagne particuliers et professionnels dans leurs litiges.<\/p>\t\t\t\t\t\t\t\t\t\t<div class=\"signeture\">\n\t\t\t\t\t\t\t\t\t\t\t\t\t\t\t\t\t\t\t\t\t\t<span>\n\t\t\t\t\t\t\t\t\t\t\t\t\t\t\t\t\t\t\t\t\t\t\t<\/span>\n\t\t\t\t\t\t\t\t\t\t<\/div>\n\t\t\t\t\t\t\t\t\t<\/div>\n\t\t\t\t\t\t\t\t<\/div>\n\t\t\t\t\t\t\t<\/div>\n\t\t\t\t\t\t<\/div>\n\t\t\t\t\t<\/div>\n\t\t\t\t<\/div>\n\t\t\t<\/div>\n\t\t\t\t<\/div>\n\t\t\t\t<\/div>\n\t\t\t\t\t<\/div>\n\t\t\t\t<\/div>\n\t\t<div class=\"elementor-element elementor-element-333382f e-flex e-con-boxed e-con e-parent\" data-id=\"333382f\" data-element_type=\"container\" data-e-type=\"container\">\n\t\t\t\t\t<div class=\"e-con-inner\">\n\t\t\t\t<div class=\"elementor-element elementor-element-630bff3 elementor-widget elementor-widget-spacer\" data-id=\"630bff3\" data-element_type=\"widget\" data-e-type=\"widget\" data-widget_type=\"spacer.default\">\n\t\t\t\t\t\t\t<div class=\"elementor-spacer\">\n\t\t\t<div class=\"elementor-spacer-inner\"><\/div>\n\t\t<\/div>\n\t\t\t\t\t\t<\/div>\n\t\t\t\t\t<\/div>\n\t\t\t\t<\/div>\n\t\t<div class=\"elementor-element elementor-element-cf4ee26 e-flex e-con-boxed e-con e-parent\" data-id=\"cf4ee26\" data-element_type=\"container\" data-e-type=\"container\">\n\t\t\t\t\t<div class=\"e-con-inner\">\n\t\t\t\t<div class=\"elementor-element elementor-element-0425720 elementor-hidden-tablet elementor-hidden-mobile elementor-widget elementor-widget-spacer\" data-id=\"0425720\" data-element_type=\"widget\" data-e-type=\"widget\" data-widget_type=\"spacer.default\">\n\t\t\t\t\t\t\t<div class=\"elementor-spacer\">\n\t\t\t<div class=\"elementor-spacer-inner\"><\/div>\n\t\t<\/div>\n\t\t\t\t\t\t<\/div>\n\t\t\t\t\t<\/div>\n\t\t\t\t<\/div>\n\t\t\t\t<section class=\"elementor-section elementor-top-section elementor-element elementor-element-088a954 elementor-section-full_width elementor-section-height-default elementor-section-height-default\" data-id=\"088a954\" data-element_type=\"section\" data-e-type=\"section\" data-settings=\"{&quot;background_background&quot;:&quot;classic&quot;}\">\n\t\t\t\t\t\t<div class=\"elementor-container elementor-column-gap-no\">\n\t\t\t\t\t<div class=\"elementor-column elementor-col-100 elementor-top-column elementor-element elementor-element-b261030\" data-id=\"b261030\" data-element_type=\"column\" data-e-type=\"column\">\n\t\t\t<div class=\"elementor-widget-wrap elementor-element-populated\">\n\t\t\t\t\t\t<div class=\"elementor-element elementor-element-2ae8bb2 elementor-widget elementor-widget-wpo-canun_feature\" data-id=\"2ae8bb2\" data-element_type=\"widget\" data-e-type=\"widget\" data-widget_type=\"wpo-canun_feature.default\">\n\t\t\t\t<div class=\"elementor-widget-container\">\n\t\t\t\t\t\t\t<div class=\"wpo-features-section\">\n\t\t\t<div class=\"container\">\n\t\t\t\t<div class=\"wpo-features-wrapper\">\n\t\t\t\t\t<div class=\"row\">\n\t\t\t\t\t\t\t\t\t\t\t\t\t\t<div class=\"col-lg-4 col-md-6 col-12\">\n\t\t\t\t\t\t\t\t\t<div class=\"wpo-features-item\">\n\t\t\t\t\t\t\t\t\t\t<div class=\"wpo-features-icon\">\n\t\t\t\t\t\t\t\t\t\t\t<div class=\"icon\">\n\t\t\t\t\t\t\t\t\t\t\t\t<i class=\"fi flaticon-family\"><\/i>\t\t\t\t\t\t\t\t\t\t\t<\/div>\n\t\t\t\t\t\t\t\t\t\t<\/div>\n\t\t\t\t\t\t\t\t\t\t<div class=\"wpo-features-text\">\n\t\t\t\t\t\t\t\t\t\t\t<h2>Droit de la famille<\/h2><p>Le Cabinet KABISHI vous conseille et vous repr\u00e9sente \u00e0 chaque \u00e9tape de la vie de couple, de l\u2019union \u00e0 la s\u00e9paration, qu\u2019il s\u2019agisse d\u2019un divorce amiable ou contentieux, en tenant compte des sp\u00e9cificit\u00e9s de chaque situation.\nIl vous assiste \u00e9galement dans toutes les questions relatives aux enfants : filiation, droit de visite et d\u2019h\u00e9bergement, ainsi que contribution \u00e0 l\u2019entretien et \u00e0 l\u2019\u00e9ducation.<\/p>\t\t\t\t\t\t\t\t\t\t<\/div>\n\t\t\t\t\t\t\t\t\t\t<div class=\"visible-icon\">\n\t\t\t\t\t\t\t\t\t\t\t<i class=\"fi flaticon-family\"><\/i>\t\t\t\t\t\t\t\t\t\t<\/div>\n\t\t\t\t\t\t\t\t\t<\/div>\n\t\t\t\t\t\t\t\t<\/div>\n\t\t\t\t\t\t\t\t\t\t\t\t\t\t<div class=\"col-lg-4 col-md-6 col-12\">\n\t\t\t\t\t\t\t\t\t<div class=\"wpo-features-item\">\n\t\t\t\t\t\t\t\t\t\t<div class=\"wpo-features-icon\">\n\t\t\t\t\t\t\t\t\t\t\t<div class=\"icon\">\n\t\t\t\t\t\t\t\t\t\t\t\t<i class=\"fi flaticon-house\"><\/i>\t\t\t\t\t\t\t\t\t\t\t<\/div>\n\t\t\t\t\t\t\t\t\t\t<\/div>\n\t\t\t\t\t\t\t\t\t\t<div class=\"wpo-features-text\">\n\t\t\t\t\t\t\t\t\t\t\t<h2>Droit locatif et droit bancaire<\/h2><p>Le Cabinet KABISHI vous assiste \u00e0 tous les stades des contentieux li\u00e9s \u00e0 l\u2019occupation l\u00e9gale ou ill\u00e9gale de locaux d\u2019habitation ou commerciaux.                                                    \nIl vous conseille et vous repr\u00e9sente \u00e9galement dans les litiges bancaires, qu\u2019ils concernent la relation de compte, les op\u00e9rations de cr\u00e9dit ou les fraudes bancaires (d\u00e9bits non autoris\u00e9s, investissements frauduleux, spoofing, vishing).<\/p>\t\t\t\t\t\t\t\t\t\t<\/div>\n\t\t\t\t\t\t\t\t\t\t<div class=\"visible-icon\">\n\t\t\t\t\t\t\t\t\t\t\t<i class=\"fi flaticon-house\"><\/i>\t\t\t\t\t\t\t\t\t\t<\/div>\n\t\t\t\t\t\t\t\t\t<\/div>\n\t\t\t\t\t\t\t\t<\/div>\n\t\t\t\t\t\t\t\t\t\t\t\t\t\t<div class=\"col-lg-4 col-md-6 col-12\">\n\t\t\t\t\t\t\t\t\t<div class=\"wpo-features-item\">\n\t\t\t\t\t\t\t\t\t\t<div class=\"wpo-features-icon\">\n\t\t\t\t\t\t\t\t\t\t\t<div class=\"icon\">\n\t\t\t\t\t\t\t\t\t\t\t\t<i class=\"fi flaticon-balance\"><\/i>\t\t\t\t\t\t\t\t\t\t\t<\/div>\n\t\t\t\t\t\t\t\t\t\t<\/div>\n\t\t\t\t\t\t\t\t\t\t<div class=\"wpo-features-text\">\n\t\t\t\t\t\t\t\t\t\t\t<h2><a href=\"#\" class=\"more\">Droit des \u00e9trangers<\/a><\/h2><p>Le Cabinet KABISHI conseille et d\u00e9fend les \u00e9trangers dans leurs d\u00e9marches de r\u00e9gularisation de leur s\u00e9jour sur le territoire fran\u00e7ais, qu\u2019il s\u2019agisse de demande de titre de s\u00e9jour, de demandes de naturalisation ou d\u2019asile. Il les accompagne et les assiste au besoin, en pr\u00e9fectures ou devant les tribunaux administratifs.<\/p>\t\t\t\t\t\t\t\t\t\t<\/div>\n\t\t\t\t\t\t\t\t\t\t<div class=\"visible-icon\">\n\t\t\t\t\t\t\t\t\t\t\t<i class=\"fi flaticon-balance\"><\/i>\t\t\t\t\t\t\t\t\t\t<\/div>\n\t\t\t\t\t\t\t\t\t<\/div>\n\t\t\t\t\t\t\t\t<\/div>\n\t\t\t\t\t\t\t\t\t\t\t<\/div>\n\t\t\t\t<\/div>\n\t\t\t<\/div>\n\t\t<\/div>\n\t\t\t\t<\/div>\n\t\t\t\t<\/div>\n\t\t\t\t\t<\/div>\n\t\t<\/div>\n\t\t\t\t\t<\/div>\n\t\t<\/section>\n\t\t\t\t<section class=\"elementor-section elementor-top-section elementor-element elementor-element-867b7b1 elementor-section-full_width elementor-section-height-default elementor-section-height-default\" data-id=\"867b7b1\" data-element_type=\"section\" data-e-type=\"section\" data-settings=\"{&quot;background_background&quot;:&quot;classic&quot;}\">\n\t\t\t\t\t\t<div class=\"elementor-container elementor-column-gap-no\">\n\t\t\t\t\t<div class=\"elementor-column elementor-col-100 elementor-top-column elementor-element elementor-element-27e59b1\" data-id=\"27e59b1\" data-element_type=\"column\" data-e-type=\"column\">\n\t\t\t<div class=\"elementor-widget-wrap elementor-element-populated\">\n\t\t\t\t\t\t<div class=\"elementor-element elementor-element-e114748 elementor-widget elementor-widget-wpo-canun_cta\" data-id=\"e114748\" data-element_type=\"widget\" data-e-type=\"widget\" data-settings=\"{&quot;cta_image&quot;:{&quot;url&quot;:&quot;&quot;,&quot;id&quot;:&quot;&quot;,&quot;size&quot;:&quot;&quot;,&quot;alt&quot;:&quot;&quot;,&quot;source&quot;:&quot;library&quot;},&quot;cta_bg&quot;:{&quot;url&quot;:&quot;https:\\\/\\\/www.cabinet-kabishi.fr\\\/wp-content\\\/uploads\\\/2025\\\/12\\\/pexels-ekaterina-bolovtsova-6077190-scaled.jpg&quot;,&quot;id&quot;:1077,&quot;size&quot;:&quot;&quot;,&quot;alt&quot;:&quot;&quot;,&quot;source&quot;:&quot;library&quot;}}\" data-widget_type=\"wpo-canun_cta.default\">\n\t\t\t\t<div class=\"elementor-widget-container\">\n\t\t\t\t\t\t\t<div class=\"wpo-consultancy-section section-padding\"  style=\"background-image: url( https:\/\/www.cabinet-kabishi.fr\/wp-content\/uploads\/2025\/12\/pexels-ekaterina-bolovtsova-6077190-scaled.jpg );\">\n\t\t\t<div class=\"container\">\n\t\t\t\t<div class=\"wpo-consultancy-section-wrapper\">\n\t\t\t\t\t<div class=\"row\">\n\t\t\t\t\t\t<div class=\"col-lg-4\">\n\t\t\t\t\t\t\t<div class=\"consult-img\">\n\t\t\t\t\t\t\t\t\t\t\t\t\t\t\t<\/div>\n\t\t\t\t\t\t<\/div>\n\t\t\t\t\t\t<div class=\"col-lg-8 col-md-12 col-12\">\n\t\t\t\t\t\t\t<div class=\"wpo-consultancy-form-area\">\n\t\t\t\t\t\t\t\t<div class=\"wpo-section-title\">\n\t\t\t\t\t\t\t\t\t<h2>Nous consulter<\/h2><p>Envoyez nous un mail via notre formulaire.\nNous vous r\u00e9pondrons le plus rapidement possible.<\/p>\t\t\t\t\t\t\t\t<\/div>\n\t\t\t\t\t\t\t\t<div class=\"canun-form\">\n\t\t\t\t\t\t\t\t\t\n<div class=\"wpcf7 no-js\" id=\"wpcf7-f430-o1\" lang=\"en-US\" dir=\"ltr\" data-wpcf7-id=\"430\">\n<div class=\"screen-reader-response\"><p role=\"status\" aria-live=\"polite\" aria-atomic=\"true\"><\/p> <ul><\/ul><\/div>\n<form action=\"\/index.php?rest_route=%2Fwp%2Fv2%2Fpages%2F508#wpcf7-f430-o1\" method=\"post\" class=\"wpcf7-form init\" aria-label=\"Contact form\" novalidate=\"novalidate\" data-status=\"init\">\n<fieldset class=\"hidden-fields-container\"><input type=\"hidden\" name=\"_wpcf7\" value=\"430\" \/><input type=\"hidden\" name=\"_wpcf7_version\" value=\"6.1.5\" \/><input type=\"hidden\" name=\"_wpcf7_locale\" value=\"en_US\" \/><input type=\"hidden\" name=\"_wpcf7_unit_tag\" value=\"wpcf7-f430-o1\" \/><input type=\"hidden\" name=\"_wpcf7_container_post\" value=\"0\" \/><input type=\"hidden\" name=\"_wpcf7_posted_data_hash\" value=\"\" \/><input type=\"hidden\" name=\"_wpcf7_recaptcha_response\" value=\"\" \/>\n<\/fieldset>\n<div class=\"row\">\n\t<div class=\"col-lg-6\">\n\t\t<p><span class=\"wpcf7-form-control-wrap\" data-name=\"text-423\"><input size=\"40\" maxlength=\"400\" class=\"wpcf7-form-control wpcf7-text wpcf7-validates-as-required form-control\" aria-required=\"true\" aria-invalid=\"false\" placeholder=\"Votre nom\" value=\"\" type=\"text\" name=\"text-423\" \/><\/span>\n\t\t<\/p>\n\t<\/div>\n\t<div class=\"col-lg-6\">\n\t\t<p><span class=\"wpcf7-form-control-wrap\" data-name=\"email-419\"><input size=\"40\" maxlength=\"400\" class=\"wpcf7-form-control wpcf7-email wpcf7-validates-as-required wpcf7-text wpcf7-validates-as-email form-control\" aria-required=\"true\" aria-invalid=\"false\" placeholder=\"Votre Email\" value=\"\" type=\"email\" name=\"email-419\" \/><\/span>\n\t\t<\/p>\n\t<\/div>\n\t<div class=\"col-lg-6\">\n\t\t<p><span class=\"wpcf7-form-control-wrap\" data-name=\"tel-570\"><input size=\"40\" maxlength=\"400\" class=\"wpcf7-form-control wpcf7-tel wpcf7-validates-as-required wpcf7-text wpcf7-validates-as-tel form-control\" aria-required=\"true\" aria-invalid=\"false\" placeholder=\"Votre t\u00e9l\u00e9phone\" value=\"\" type=\"tel\" name=\"tel-570\" \/><\/span>\n\t\t<\/p>\n\t<\/div>\n\t<div class=\"col-lg-6\">\n\t\t<p><span class=\"wpcf7-form-control-wrap\" data-name=\"menu-490\"><select class=\"wpcf7-form-control wpcf7-select wpcf7-validates-as-required form-control\" aria-required=\"true\" aria-invalid=\"false\" name=\"menu-490\"><option value=\"Sujet\">Sujet<\/option><option value=\"Droit de la famille\">Droit de la famille<\/option><option value=\"Droit locatif\">Droit locatif<\/option><option value=\"Droit bancaire\">Droit bancaire<\/option><option value=\"Droit des \u00e9trangers\">Droit des \u00e9trangers<\/option><\/select><\/span>\n\t\t<\/p>\n\t<\/div>\n\t<div class=\"fullwidth col-lg-12 \">\n\t\t<p><span class=\"wpcf7-form-control-wrap\" data-name=\"textarea-512\"><textarea cols=\"40\" rows=\"10\" maxlength=\"2000\" class=\"wpcf7-form-control wpcf7-textarea wpcf7-validates-as-required form-control\" aria-required=\"true\" aria-invalid=\"false\" placeholder=\"Message\" name=\"textarea-512\"><\/textarea><\/span>\n\t\t<\/p>\n\t<\/div>\n<\/div>\n<div class=\"submit-area\">\n\t<p><input class=\"wpcf7-form-control wpcf7-submit has-spinner theme-btn\" type=\"submit\" value=\"Prendre rendez-vous\" \/>\n\t<\/p>\n<\/div><p style=\"display: none !important;\" class=\"akismet-fields-container\" data-prefix=\"_wpcf7_ak_\"><label>&#916;<textarea name=\"_wpcf7_ak_hp_textarea\" cols=\"45\" rows=\"8\" maxlength=\"100\"><\/textarea><\/label><input type=\"hidden\" id=\"ak_js_1\" name=\"_wpcf7_ak_js\" value=\"33\"\/><script type=\"text\/javascript\">\n\/* <![CDATA[ *\/\ndocument.getElementById( \"ak_js_1\" ).setAttribute( \"value\", ( new Date() ).getTime() );\n\/* ]]> *\/\n<\/script>\n<\/p><div class=\"wpcf7-response-output\" aria-hidden=\"true\"><\/div>\n<\/form>\n<\/div>\n\t\t\t\t\t\t\t\t<\/div>\n\t\t\t\t\t\t\t<\/div>\n\t\t\t\t\t\t<\/div>\n\t\t\t\t\t<\/div>\n\t\t\t\t<\/div>\n\t\t\t<\/div>\n\t\t<\/div>\n\t\t\t\t<\/div>\n\t\t\t\t<\/div>\n\t\t\t\t\t<\/div>\n\t\t<\/div>\n\t\t\t\t\t<\/div>\n\t\t<\/section>\n\t\t\t\t<\/div>\n\t\t","protected":false},"excerpt":{"rendered":"Mon exp\u00e9rience \u00e0 votre service Ma\u00eetre Linda KABISHI, avocate au Barreau de Paris, intervient principalement en droit de la famille, en droit locatif, en droit bancaire et en droit des \u00e9trangers.Apr\u00e8s six ann\u00e9es d\u2019exercice en tant que collaboratrice lib\u00e9rale au sein de cabinets franciliens, elle exerce aujourd\u2019hui en tant qu\u2019entrepreneur individuel et accompagne particuliers et ","protected":false},"author":2,"featured_media":0,"parent":0,"menu_order":0,"comment_status":"closed","ping_status":"closed","template":"elementor_header_footer","meta":{"footnotes":""},"class_list":["post-508","page","type-page","status-publish","hentry"],"_links":{"self":[{"href":"https:\/\/www.cabinet-kabishi.fr\/index.php?rest_route=\/wp\/v2\/pages\/508","targetHints":{"allow":["GET"]}}],"collection":[{"href":"https:\/\/www.cabinet-kabishi.fr\/index.php?rest_route=\/wp\/v2\/pages"}],"about":[{"href":"https:\/\/www.cabinet-kabishi.fr\/index.php?rest_route=\/wp\/v2\/types\/page"}],"author":[{"embeddable":true,"href":"https:\/\/www.cabinet-kabishi.fr\/index.php?rest_route=\/wp\/v2\/users\/2"}],"replies":[{"embeddable":true,"href":"https:\/\/www.cabinet-kabishi.fr\/index.php?rest_route=%2Fwp%2Fv2%2Fcomments&post=508"}],"version-history":[{"count":236,"href":"https:\/\/www.cabinet-kabishi.fr\/index.php?rest_route=\/wp\/v2\/pages\/508\/revisions"}],"predecessor-version":[{"id":1291,"href":"https:\/\/www.cabinet-kabishi.fr\/index.php?rest_route=\/wp\/v2\/pages\/508\/revisions\/1291"}],"wp:attachment":[{"href":"https:\/\/www.cabinet-kabishi.fr\/index.php?rest_route=%2Fwp%2Fv2%2Fmedia&parent=508"}],"curies":[{"name":"wp","href":"https:\/\/api.w.org\/{rel}","templated":true}]}}